{"id":196,"date":"2014-06-04T15:36:21","date_gmt":"2014-06-04T15:36:21","guid":{"rendered":"http:\/\/asi.pt\/wp\/?page_id=196"},"modified":"2014-06-04T15:41:21","modified_gmt":"2014-06-04T15:41:21","slug":"cooperacao-2","status":"publish","type":"page","link":"http:\/\/asi.pt\/wp\/?page_id=196","title":{"rendered":"COOPERA\u00c7\u00c3O"},"content":{"rendered":"<p style=\"text-align: justify;\"><strong>Estudo internacional apresenta pistas de trabalho para as ONGD portuguesas 23.05.2014<\/strong><\/p>\n<p style=\"text-align: justify;\">O estudo \u201cJourneys to Citizens Engagement: Action Research with Development Education Practitioners in Portugal, Cyprus, and Greece\u201d, uma investiga\u00e7\u00e3o que assenta na reflex\u00e3o de organiza\u00e7\u00f5es n\u00e3o-governamentais de desenvolvimento (ONGD) portuguesas, gregas e cipriotas ativas no dom\u00ednio da Educa\u00e7\u00e3o para o Desenvolvimento (ED), foi lan\u00e7ado a 19 de maio de 2014.Este estudo procura apresentar pistas para o trabalho no que se refere \u00e0 mobiliza\u00e7\u00e3o e envolvimento dos cidad\u00e3os para a transforma\u00e7\u00e3o social. A realiza\u00e7\u00e3o do estudo envolveu a Plataforma Portuguesa das ONGD, atrav\u00e9s do Grupo de Trabalho de Educa\u00e7\u00e3o para o Desenvolvimento, e enquadra-se no projeto \u201cDeveloping Europeans\u2019 Engagement for the Eradication of Global Poverty\u201d (DEEEP), levado a cabo pelo F\u00f3rum de Educa\u00e7\u00e3o para o Desenvolvimento da CONCORD &#8211; Confedera\u00e7\u00e3o Europeia das ONGD e financiado pela Comiss\u00e3o Europeia. O Cam\u00f5es \u2013 Instituto da Coopera\u00e7\u00e3o e da L\u00edngua tem colaborado com o DEEEP no quadro do Grupo \u201cEuropean Multi-stakeholder Group on Development Education\u201d (MSH &#8211; See more at:\u00a0<a href=\"https:\/\/www.instituto-camoes.pt\/cooperacao\/estudo-apresenta-pistas-de-trabalho-para-as-ongd. Texto retirado www.instituto-camoes.pt\">https:\/\/www.instituto-camoes.pt\/cooperacao\/estudo-apresenta-pistas-de-trabalho-para-as-ongd. <\/a>Texto retirado\u00a0www.instituto-camoes.pt<b><\/b><\/p>\n<p style=\"text-align: justify;\"><b>\u00a0<\/b><\/p>\n<p style=\"text-align: justify;\"><strong>ONU chama a investigar atrocidades cometidas pelos ca\u00e7adores tradicionais<\/strong><\/p>\n<p style=\"text-align: justify;\"><strong>22 Dezembro 2013. <\/strong><\/p>\n<p style=\"text-align: justify;\"><b>Um relat\u00f3rio da ONU solicitou investigar viola\u00e7\u00f5es graves aos Direitos Humanos \u00a0<\/b>norte de C\u00f4te d&#8217;Ivoire pelos ca\u00e7adores tradicionais entre marco de 2009 e maio de 2013. Numa investiga\u00e7\u00e3o realizada pela opera\u00e7\u00e3o ONU nesse pais (UNOCI) e a oficina da alta comissionada dos direitos humanos revela que os ca\u00e7adores da regi\u00e3o chamados como de dozos fizeram detec\u00e7\u00f5es ilegais, saques , nestes anos 228 pessoas foram assassinadas e 164 receberam disparos. Noticia adaptada de<b>\u00a0<\/b><a href=\"http:\/\/www.cinu.mx\/noticias\/africa\/onu-llama-a-investigar-atrocid\/\">http:\/\/www.cinu.mx\/noticias\/africa\/onu-llama-a-investigar-atrocid\/<\/a><b><\/b><\/p>\n<p style=\"text-align: justify;\"><strong>Portugal e Cabo Verde assinam protocolo no dom\u00ednio dos Cuidados Nefrol\u00f3gicos<\/strong><\/p>\n<p style=\"text-align: justify;\"><strong>23 Abril de 2013<\/strong><\/p>\n<p style=\"text-align: justify;\">\u00c0 margem da I\u00aa Reuni\u00e3o de Ministros da Sa\u00fade da CPLP, que se realizou na Cidade da Praia nos passados dias 11 e 12 de Abril, e no contexto da Coopera\u00e7\u00e3o Bilateral entre Portugal e Cabo Verde para a \u00e1rea da Sa\u00fade, teve lugar a cerim\u00f3nia de assinatura de um protocolo entre os dois Ministros da Sa\u00fade, tendo em vista, no futuro, o tratamento em Cabo Verde, de doentes insuficientes renais agudos e cr\u00f3nicos, que actualmente recorrem ao tratamento em Portugal, ao abrigo do Acordo de Coopera\u00e7\u00e3o no Dom\u00ednio da Sa\u00fade. Noticia retirada IPAD<\/p>\n","protected":false},"excerpt":{"rendered":"<p>Estudo internacional apresenta pistas de trabalho para as ONGD portuguesas 23.05.2014 O estudo \u201cJourneys to Citizens Engagement: Action Research with&#8230; <a href=\"http:\/\/asi.pt\/wp\/?page_id=196\">read more<\/a><\/p>\n","protected":false},"author":1,"featured_media":0,"parent":0,"menu_order":0,"comment_status":"closed","ping_status":"closed","template":"","meta":{"_links_to":"","_links_to_target":""},"_links":{"self":[{"href":"http:\/\/asi.pt\/wp\/index.php?rest_route=\/wp\/v2\/pages\/196"}],"collection":[{"href":"http:\/\/asi.pt\/wp\/index.php?rest_route=\/wp\/v2\/pages"}],"about":[{"href":"http:\/\/asi.pt\/wp\/index.php?rest_route=\/wp\/v2\/types\/page"}],"author":[{"embeddable":true,"href":"http:\/\/asi.pt\/wp\/index.php?rest_route=\/wp\/v2\/users\/1"}],"replies":[{"embeddable":true,"href":"http:\/\/asi.pt\/wp\/index.php?rest_route=%2Fwp%2Fv2%2Fcomments&post=196"}],"version-history":[{"count":4,"href":"http:\/\/asi.pt\/wp\/index.php?rest_route=\/wp\/v2\/pages\/196\/revisions"}],"predecessor-version":[{"id":204,"href":"http:\/\/asi.pt\/wp\/index.php?rest_route=\/wp\/v2\/pages\/196\/revisions\/204"}],"wp:attachment":[{"href":"http:\/\/asi.pt\/wp\/index.php?rest_route=%2Fwp%2Fv2%2Fmedia&parent=196"}],"curies":[{"name":"wp","href":"https:\/\/api.w.org\/{rel}","templated":true}]}}