{"id":334,"date":"2023-10-11T15:25:44","date_gmt":"2023-10-11T15:25:44","guid":{"rendered":"http:\/\/asi.pt\/wp\/?page_id=334"},"modified":"2023-10-11T15:53:19","modified_gmt":"2023-10-11T15:53:19","slug":"missao-e-visao","status":"publish","type":"page","link":"http:\/\/asi.pt\/wp\/?page_id=334","title":{"rendered":"Miss\u00e3o e Vis\u00e3o"},"content":{"rendered":"\n<figure class=\"wp-block-image size-full\"><a href=\"https:\/\/asi.pt\/wp\/wp-content\/uploads\/2023\/10\/Design_sem_nome__3_-removebg-preview-1.png\"><img decoding=\"async\" loading=\"lazy\" width=\"359\" height=\"161\" src=\"https:\/\/asi.pt\/wp\/wp-content\/uploads\/2023\/10\/Design_sem_nome__3_-removebg-preview-1.png\" alt=\"\" class=\"wp-image-341\" srcset=\"http:\/\/asi.pt\/wp\/wp-content\/uploads\/2023\/10\/Design_sem_nome__3_-removebg-preview-1.png 359w, http:\/\/asi.pt\/wp\/wp-content\/uploads\/2023\/10\/Design_sem_nome__3_-removebg-preview-1-300x135.png 300w\" sizes=\"(max-width: 359px) 100vw, 359px\" \/><\/a><\/figure>\n\n\n\n<p>Na sua g\u00e9nese, esta institui\u00e7\u00e3o tem como principal objetivo a igualdade de direitos e oportunidades entre os g\u00e9neros realizada numa l\u00f3gica de promo\u00e7\u00e3o do desenvolvimento pessoal, social e profissional.<\/p>\n\n\n\n<p>Estatutariamente, esta associa\u00e7\u00e3o tem por objeto o apoio jur\u00eddico, bem como a presta\u00e7\u00e3o de servi\u00e7os de car\u00e1cter social, cultural e econ\u00f3mico. \u00c9 tamb\u00e9m respons\u00e1vel por promover iniciativas de car\u00e1cter formativo, sensibilizador e profissional, quer seja atrav\u00e9s de a\u00e7\u00f5es de forma\u00e7\u00e3o, quer atrav\u00e9s de encontros de estudo e debate numa l\u00f3gica norteada pelo paradigma INVESTIGA\u00c7\u00c3O-A\u00c7\u00c3O.<\/p>\n","protected":false},"excerpt":{"rendered":"<p>Na sua g\u00e9nese, esta institui\u00e7\u00e3o tem como principal objetivo a igualdade de direitos e oportunidades entre os g\u00e9neros realizada numa&#8230; <a href=\"http:\/\/asi.pt\/wp\/?page_id=334\">read more<\/a><\/p>\n","protected":false},"author":1,"featured_media":0,"parent":0,"menu_order":0,"comment_status":"open","ping_status":"open","template":"","meta":{"_links_to":"","_links_to_target":""},"_links":{"self":[{"href":"http:\/\/asi.pt\/wp\/index.php?rest_route=\/wp\/v2\/pages\/334"}],"collection":[{"href":"http:\/\/asi.pt\/wp\/index.php?rest_route=\/wp\/v2\/pages"}],"about":[{"href":"http:\/\/asi.pt\/wp\/index.php?rest_route=\/wp\/v2\/types\/page"}],"author":[{"embeddable":true,"href":"http:\/\/asi.pt\/wp\/index.php?rest_route=\/wp\/v2\/users\/1"}],"replies":[{"embeddable":true,"href":"http:\/\/asi.pt\/wp\/index.php?rest_route=%2Fwp%2Fv2%2Fcomments&post=334"}],"version-history":[{"count":3,"href":"http:\/\/asi.pt\/wp\/index.php?rest_route=\/wp\/v2\/pages\/334\/revisions"}],"predecessor-version":[{"id":345,"href":"http:\/\/asi.pt\/wp\/index.php?rest_route=\/wp\/v2\/pages\/334\/revisions\/345"}],"wp:attachment":[{"href":"http:\/\/asi.pt\/wp\/index.php?rest_route=%2Fwp%2Fv2%2Fmedia&parent=334"}],"curies":[{"name":"wp","href":"https:\/\/api.w.org\/{rel}","templated":true}]}}