{"id":336,"date":"2023-10-11T15:35:54","date_gmt":"2023-10-11T15:35:54","guid":{"rendered":"https:\/\/asi.pt\/wp\/?page_id=336"},"modified":"2023-10-18T10:16:55","modified_gmt":"2023-10-18T10:16:55","slug":"gip-imigrante","status":"publish","type":"page","link":"http:\/\/asi.pt\/wp\/?page_id=336","title":{"rendered":"GIP IMIGRANTE"},"content":{"rendered":"\n<figure class=\"wp-block-image size-full\"><a href=\"https:\/\/asi.pt\/wp\/wp-content\/uploads\/2023\/10\/Logo-Asi-Vanessa-1-1.png\"><img decoding=\"async\" loading=\"lazy\" width=\"199\" height=\"183\" src=\"https:\/\/asi.pt\/wp\/wp-content\/uploads\/2023\/10\/Logo-Asi-Vanessa-1-1.png\" alt=\"\" class=\"wp-image-337\"\/><\/a><\/figure>\n\n\n\n<p>Rede vocacionada para o apoio \u00e0 integra\u00e7\u00e3o de imigrantes no mercado de trabalho, nomeadamente nas \u00e1reas geogr\u00e1ficas com maiores necessidades a este n\u00edvel, que resulta de uma parceria entre o IEFP, IP e o ACM &#8211; Alto Comissariado para as Migra\u00e7\u00f5es.<\/p>\n\n\n\n<p>Rua Diogo C\u00e3o, n.\u00ba 257, 4430-999 &#8211; Vila Nova de Gaia<\/p>\n\n\n\n<p class=\"has-text-align-right\">Tlm: 965 056 186<\/p>\n\n\n\n<p class=\"has-text-align-right\">Email: gipimigranteasi@gmail.com<\/p>\n\n\n\n<div class=\"wp-block-file\"><object class=\"wp-block-file__embed\" data=\"https:\/\/asi.pt\/wp\/wp-content\/uploads\/2023\/10\/2023-Plano-de-formacao_OutubroNovembro.pdf\" type=\"application\/pdf\" style=\"width:100%;height:600px\" aria-label=\"Incorpora\u00e7\u00e3o de 2023-Plano-de-formacao_OutubroNovembro.\"><\/object><a id=\"wp-block-file--media-7c091a66-7d1b-493d-9bf0-3e46bb062c5d\" href=\"https:\/\/asi.pt\/wp\/wp-content\/uploads\/2023\/10\/2023-Plano-de-formacao_OutubroNovembro.pdf\">2023-Plano-de-formacao_OutubroNovembro<\/a><a href=\"https:\/\/asi.pt\/wp\/wp-content\/uploads\/2023\/10\/2023-Plano-de-formacao_OutubroNovembro.pdf\" class=\"wp-block-file__button wp-element-button\" download aria-describedby=\"wp-block-file--media-7c091a66-7d1b-493d-9bf0-3e46bb062c5d\">Descarregar<\/a><\/div>\n","protected":false},"excerpt":{"rendered":"<p>Rede vocacionada para o apoio \u00e0 integra\u00e7\u00e3o de imigrantes no mercado de trabalho, nomeadamente nas \u00e1reas geogr\u00e1ficas com maiores necessidades&#8230; <a href=\"http:\/\/asi.pt\/wp\/?page_id=336\">read more<\/a><\/p>\n","protected":false},"author":1,"featured_media":0,"parent":0,"menu_order":0,"comment_status":"closed","ping_status":"closed","template":"","meta":{"_links_to":"","_links_to_target":""},"_links":{"self":[{"href":"http:\/\/asi.pt\/wp\/index.php?rest_route=\/wp\/v2\/pages\/336"}],"collection":[{"href":"http:\/\/asi.pt\/wp\/index.php?rest_route=\/wp\/v2\/pages"}],"about":[{"href":"http:\/\/asi.pt\/wp\/index.php?rest_route=\/wp\/v2\/types\/page"}],"author":[{"embeddable":true,"href":"http:\/\/asi.pt\/wp\/index.php?rest_route=\/wp\/v2\/users\/1"}],"replies":[{"embeddable":true,"href":"http:\/\/asi.pt\/wp\/index.php?rest_route=%2Fwp%2Fv2%2Fcomments&post=336"}],"version-history":[{"count":3,"href":"http:\/\/asi.pt\/wp\/index.php?rest_route=\/wp\/v2\/pages\/336\/revisions"}],"predecessor-version":[{"id":350,"href":"http:\/\/asi.pt\/wp\/index.php?rest_route=\/wp\/v2\/pages\/336\/revisions\/350"}],"wp:attachment":[{"href":"http:\/\/asi.pt\/wp\/index.php?rest_route=%2Fwp%2Fv2%2Fmedia&parent=336"}],"curies":[{"name":"wp","href":"https:\/\/api.w.org\/{rel}","templated":true}]}}