{"id":7,"date":"2013-10-28T16:36:24","date_gmt":"2013-10-28T16:36:24","guid":{"rendered":"http:\/\/asi.pt\/wp\/?page_id=7"},"modified":"2021-04-03T13:36:48","modified_gmt":"2021-04-03T13:36:48","slug":"sobre-a-asi","status":"publish","type":"page","link":"http:\/\/asi.pt\/wp\/","title":{"rendered":"Sobre a ASI"},"content":{"rendered":"<h3><span style=\"color: #000000;\"><strong>Bem vindo a ASI&#8230;&#8230;<\/strong><\/span><\/h3>\n<p>&nbsp;<\/p>\n<p dir=\"ltr\" style=\"text-align: justify;\">A ASI \u2013 Associa\u00e7\u00e3o de Solidariedade Internacional surgiu em 2004 tendo como objetivo a presta\u00e7\u00e3o de servi\u00e7os de car\u00e1cter social, cultural, econ\u00f3mico e jur\u00eddico \u00e0 comunidade. Em Junho de 2005, a ASI elevou o seu estatuto encontrando-se atualmente registada como ONGD \u2013 Organiza\u00e7\u00e3o N\u00e3o Governamental para o Desenvolvimento. Este estatuto reconhecido pelo IPAD \u2013 Instituto Portugu\u00eas de Apoio ao Desenvolvimento \u2013 \u00e9 considerado pela Associa\u00e7\u00e3o como uma mais-valia relevante para a prossecu\u00e7\u00e3o dos seus objetivos. Esta entidade dirige a sua a\u00e7\u00e3o no sentido de promover a igualdade de oportunidades entre g\u00e9neros, e de facilitar o processo de integra\u00e7\u00e3o de migrantes na sociedade portuguesa. A sua atividade tem-se centrado na interven\u00e7\u00e3o junto da popula\u00e7\u00e3o imigrante e p\u00fablicos desfavorecidos em Portugal, tendo paralelamente realizado esfor\u00e7os no sentido de desenvolver atividades no \u00e2mbito da Coopera\u00e7\u00e3o para o Desenvolvimento. Assim, as principais \u00e1reas de interven\u00e7\u00e3o da ASI englobam: a) o ensino, educa\u00e7\u00e3o e cultura; b) o emprego e forma\u00e7\u00e3o profissional; c) a integra\u00e7\u00e3o social e comunit\u00e1ria; d) a educa\u00e7\u00e3o para o desenvolvimento, designadamente atrav\u00e9s da divulga\u00e7\u00e3o das realidades dos pa\u00edses em vias de desenvolvimento junto da opini\u00e3o p\u00fablica.<\/p>\n<p dir=\"ltr\" style=\"text-align: justify;\"><strong>Belkis \u00a0Oliveira<\/strong><\/p>\n<p dir=\"ltr\" style=\"text-align: justify;\"><strong>Coordenadora Geral da Institui\u00e7\u00e3o<\/strong><\/p>\n","protected":false},"excerpt":{"rendered":"<p>Bem vindo a ASI&#8230;&#8230; &nbsp; A ASI \u2013 Associa\u00e7\u00e3o de Solidariedade Internacional surgiu em 2004 tendo como objetivo a presta\u00e7\u00e3o&#8230; <a href=\"http:\/\/asi.pt\/wp\/\">read more<\/a><\/p>\n","protected":false},"author":1,"featured_media":0,"parent":0,"menu_order":0,"comment_status":"closed","ping_status":"closed","template":"","meta":{"_links_to":"","_links_to_target":""},"_links":{"self":[{"href":"http:\/\/asi.pt\/wp\/index.php?rest_route=\/wp\/v2\/pages\/7"}],"collection":[{"href":"http:\/\/asi.pt\/wp\/index.php?rest_route=\/wp\/v2\/pages"}],"about":[{"href":"http:\/\/asi.pt\/wp\/index.php?rest_route=\/wp\/v2\/types\/page"}],"author":[{"embeddable":true,"href":"http:\/\/asi.pt\/wp\/index.php?rest_route=\/wp\/v2\/users\/1"}],"replies":[{"embeddable":true,"href":"http:\/\/asi.pt\/wp\/index.php?rest_route=%2Fwp%2Fv2%2Fcomments&post=7"}],"version-history":[{"count":10,"href":"http:\/\/asi.pt\/wp\/index.php?rest_route=\/wp\/v2\/pages\/7\/revisions"}],"predecessor-version":[{"id":275,"href":"http:\/\/asi.pt\/wp\/index.php?rest_route=\/wp\/v2\/pages\/7\/revisions\/275"}],"wp:attachment":[{"href":"http:\/\/asi.pt\/wp\/index.php?rest_route=%2Fwp%2Fv2%2Fmedia&parent=7"}],"curies":[{"name":"wp","href":"https:\/\/api.w.org\/{rel}","templated":true}]}}