{"id":70,"date":"2013-10-29T16:41:18","date_gmt":"2013-10-29T16:41:18","guid":{"rendered":"http:\/\/asi.pt\/wp\/?page_id=70"},"modified":"2013-10-29T18:45:19","modified_gmt":"2013-10-29T18:45:19","slug":"investigacao","status":"publish","type":"page","link":"http:\/\/asi.pt\/wp\/?page_id=70","title":{"rendered":"Investiga\u00e7\u00e3o"},"content":{"rendered":"<p style=\"text-align: justify;\"><strong>Estudio Exploratorio\u00a0 sobre la Estructura Psicosocial de las Mujeres Inmigrantes en Portugal<\/strong><\/p>\n<p style=\"text-align: justify;\">Projeto de interven\u00e7\u00e3o social co-financiado pela Comiss\u00e3o para a Igualdade e Direitos das Mulheres (atual CIG).<\/p>\n<p style=\"text-align: justify;\">Este projeto teve a dura\u00e7\u00e3o de 18 meses e teve como objetivo prestar um servi\u00e7o de atendimento personalizado em regime de tutoria habilitado para lidar com o amplo espectro de tem\u00e1ticas inerentes \u00e0 integra\u00e7\u00e3o social e laboral da popula\u00e7\u00e3o imigrante, particularmente as mulheres. Integrou, entre outras atividades, um gabinete multidisciplinar de atendimento personalizado \u00e0 popula\u00e7\u00e3o imigrante, especialmente dirigido para as mulheres imigrantes, e a organiza\u00e7\u00e3o de sess\u00f5es de sensibiliza\u00e7\u00e3o sobre variados temas relacionados com a igualdade de g\u00e9nero e imigra\u00e7\u00e3o.<i><\/i><\/p>\n<p style=\"text-align: justify;\">\n<p style=\"text-align: justify;\"><strong>Projeto PEI \u2013 Fatores Preditores de Empregabilidade de Migrantes: Implica\u00e7\u00f5es para as Pol\u00edticas de Emprego e Para os Servi\u00e7os de Apoio \u00e0 Integra\u00e7\u00e3o.<\/strong><\/p>\n<p style=\"text-align: justify;\">Projeto de investiga\u00e7\u00e3o co &#8211; financiado pelo POEFDS com a dura\u00e7\u00e3o de 18 meses que analisou uma amostra de 591 sujeitos oriundos do Brasil, Ucr\u00e2nia e Guin\u00e9-Bissau (tr\u00eas dos maiores contingentes de imigrantes a n\u00edvel nacional) com representatividade a n\u00edvel nacional. Este estudo analisou tem\u00e1ticas referentes \u00e0s especificidades do projeto migrat\u00f3rio, da integra\u00e7\u00e3o social, da trajet\u00f3ria e integra\u00e7\u00e3o laboral, dos recursos individuais de capital humano, social e financeiro, da sa\u00fade mental dos imigrantes da amostra e de quest\u00f5es de g\u00e9nero na migra\u00e7\u00e3o .No \u00e2mbito deste projeto de investiga\u00e7\u00e3o, a ASI procedeu \u00e0 edi\u00e7\u00e3o de 1500 exemplares de dois livros, a publica\u00e7\u00e3o do Estudo de Investiga\u00e7\u00e3o e um Guia Pr\u00e1tico sobre Imigra\u00e7\u00e3o, distribu\u00eddos gratuitamente a entidades e particulares, e apresentados em dois Semin\u00e1rios de Divulga\u00e7\u00e3o no Porto e Lisboa.<\/p>\n<p style=\"text-align: justify;\">\n<p style=\"text-align: justify;\"><img decoding=\"async\" loading=\"lazy\" alt=\"estudo exploratorio\" src=\"http:\/\/asi.pt\/wp\/wp-content\/uploads\/2013\/10\/estudo-exploratorio-300x169.png\" width=\"300\" height=\"169\" \/><strong><\/strong><\/p>\n<p style=\"text-align: justify;\">\n<p style=\"text-align: justify;\"><strong>Publica\u00e7\u00e3o<\/strong><strong>\u00a0de artigo cientifico sobre Empreendedorismo Imigrante<\/strong><\/p>\n<p style=\"text-align: justify;\"><strong><\/strong><i><\/i>Publica\u00e7\u00e3o de um artigo cient\u00edfico na revista\u00a0<i>Migra\u00e7\u00f5es<\/i>\u00a0do ACIDI, de Outubro de 2008, intitulado \u201cEmpreendedorismo Imigrante: Fatores que influenciam este Percurso Profissional e atividade da ASI decorrente dos resultados do Projeto PEI\u201d, posteriormente apresentado no Semin\u00e1rio de Lan\u00e7amento da Revista em Lisboa (Novembro de 2008).<\/p>\n<p style=\"text-align: justify;\"><b><i>\u00a0<\/i><\/b><\/p>\n<p style=\"text-align: justify;\">\n<p style=\"text-align: justify;\"><strong>\u00a0Investigaci\u00f3n sobre Empowerment de Mujeres y Hombres Inmigrantes, (2010)<\/strong><\/p>\n<p style=\"text-align: justify;\"><strong><\/strong>Esta investiga\u00e7\u00e3o adota como crit\u00e9rio de an\u00e1lise o g\u00e9nero dos sujeitos e analisa empiricamente aspetos psicossociais (caracter\u00edsticas socio &#8211; demogr\u00e1ficas, integra\u00e7\u00e3o socio-laboral), o impacto das quest\u00f5es de g\u00e9nero sobre a popula\u00e7\u00e3o imigrante e as experi\u00eancias de empoderamento das mulheres e homens imigrantes. A partir do estudo comparativo do g\u00e9nero dos migrantes o objetivo \u00e9 apurar boas pr\u00e1ticas de fomento do empowerment de mulheres e homens imigrantes.<\/p>\n<p style=\"text-align: justify;\">\n<p style=\"text-align: justify;\"><strong>Caracteriza\u00e7\u00e3o Socio &#8211; demogr\u00e1fica da Popula\u00e7\u00e3o Migrante do Concelho de Vila Nova de Gaia<\/strong><\/p>\n<p style=\"text-align: justify;\">Projeto de investiga\u00e7\u00e3o na \u00e1rea da Imigra\u00e7\u00e3o co &#8211;\u00a0 financiado pelo Fundo para a Integra\u00e7\u00e3o de Nacionais de Pa\u00edses Terceiros aprovado pela Decis\u00e3o Comunit\u00e1ria 2007\/435\/CE, atrav\u00e9s de um protocolo entre o ACIDI I.P. e a ASI. Este projeto visa um diagn\u00f3stico da situa\u00e7\u00e3o da popula\u00e7\u00e3o imigrante residente no concelho de Vila Nova de Gaia, procedendo \u00e0 caracteriza\u00e7\u00e3o da popula\u00e7\u00e3o migrante, identifica\u00e7\u00e3o dos seus problemas e dos seus contributos para as din\u00e2micas de desenvolvimento do munic\u00edpio.<\/p>\n","protected":false},"excerpt":{"rendered":"<p>Estudio Exploratorio\u00a0 sobre la Estructura Psicosocial de las Mujeres Inmigrantes en Portugal Projeto de interven\u00e7\u00e3o social co-financiado pela Comiss\u00e3o para&#8230; <a href=\"http:\/\/asi.pt\/wp\/?page_id=70\">read more<\/a><\/p>\n","protected":false},"author":1,"featured_media":0,"parent":0,"menu_order":0,"comment_status":"closed","ping_status":"closed","template":"","meta":{"_links_to":"","_links_to_target":""},"_links":{"self":[{"href":"http:\/\/asi.pt\/wp\/index.php?rest_route=\/wp\/v2\/pages\/70"}],"collection":[{"href":"http:\/\/asi.pt\/wp\/index.php?rest_route=\/wp\/v2\/pages"}],"about":[{"href":"http:\/\/asi.pt\/wp\/index.php?rest_route=\/wp\/v2\/types\/page"}],"author":[{"embeddable":true,"href":"http:\/\/asi.pt\/wp\/index.php?rest_route=\/wp\/v2\/users\/1"}],"replies":[{"embeddable":true,"href":"http:\/\/asi.pt\/wp\/index.php?rest_route=%2Fwp%2Fv2%2Fcomments&post=70"}],"version-history":[{"count":3,"href":"http:\/\/asi.pt\/wp\/index.php?rest_route=\/wp\/v2\/pages\/70\/revisions"}],"predecessor-version":[{"id":109,"href":"http:\/\/asi.pt\/wp\/index.php?rest_route=\/wp\/v2\/pages\/70\/revisions\/109"}],"wp:attachment":[{"href":"http:\/\/asi.pt\/wp\/index.php?rest_route=%2Fwp%2Fv2%2Fmedia&parent=70"}],"curies":[{"name":"wp","href":"https:\/\/api.w.org\/{rel}","templated":true}]}}