{"id":73,"date":"2013-10-29T16:42:02","date_gmt":"2013-10-29T16:42:02","guid":{"rendered":"http:\/\/asi.pt\/wp\/?page_id=73"},"modified":"2013-10-29T18:46:02","modified_gmt":"2013-10-29T18:46:02","slug":"recursos-didaticos","status":"publish","type":"page","link":"http:\/\/asi.pt\/wp\/?page_id=73","title":{"rendered":"Recursos Didaticos"},"content":{"rendered":"<p>&nbsp;<\/p>\n<p><a href=\"http:\/\/asi.pt\/wp\/wp-content\/uploads\/2013\/10\/didaticos.png\"><img decoding=\"async\" loading=\"lazy\" class=\"alignnone size-medium wp-image-40 aligncenter\" alt=\"didaticos\" src=\"http:\/\/asi.pt\/wp\/wp-content\/uploads\/2013\/10\/didaticos-300x153.png\" width=\"300\" height=\"153\" srcset=\"http:\/\/asi.pt\/wp\/wp-content\/uploads\/2013\/10\/didaticos-300x153.png 300w, http:\/\/asi.pt\/wp\/wp-content\/uploads\/2013\/10\/didaticos-460x235.png 460w, http:\/\/asi.pt\/wp\/wp-content\/uploads\/2013\/10\/didaticos.png 622w\" sizes=\"(max-width: 300px) 100vw, 300px\" \/><\/a><\/p>\n<p style=\"text-align: justify;\"><strong>Colabora\u00e7\u00e3o na elabora\u00e7\u00e3o de Recursos Did\u00e1ticos na \u00a0\u00e1rea de empreendedorismo femenino inmigrante financiado por el programa RUMOS de Madeira Funchal medida 1.2.1 (2009\/10).<\/strong><\/p>\n<p style=\"text-align: justify;\">Participa\u00e7\u00e3o na elabora\u00e7\u00e3o\u00a0 dos recursos did\u00e1cticos <b>Igualdade para tod@s<\/b>, neste projeto foram elaborados os seguintes recursos: Um Recurso Audiovisual Pedag\u00f3gico (Filme &#8221; troca de sapatos &#8220;) focando estere\u00f3tipos de g\u00e9nero na fam\u00edlia e concilia\u00e7\u00e3o familiar\/profissional;;Um Recurso Audiovisual Pedag\u00f3gico (Filme &#8220;A mec\u00e2nica e o secretario &#8220;) focando estere\u00f3tipos de g\u00e9nero na esfera laboral; Dois Manuais de Explora\u00e7\u00e3o Pedag\u00f3gica dos filmes (uma para cada um dos filmes); Um Manual de Forma\u00e7\u00e3o para Especializa\u00e7\u00e3o em Igualdade de G\u00e9nero para Formadores; Um Manual de Forma\u00e7\u00e3o para Especializa\u00e7\u00e3o em Igualdade de G\u00e9nero para Formandos.<\/p>\n<p style=\"text-align: justify;\"><strong>No ano de 2011 ASI e a \u00a0PROINOV<\/strong> foram referenciadas numa revista \u00a0ROMENA,\u00a0 como exemplo de Boas\u00a0 Pr\u00e1ticas na Uni\u00e3o Europeia \u00a0pelo trabalho desenvolvido na \u00e1rea de <strong>Igualdade de Genero.<\/strong><\/p>\n<p style=\"text-align: justify;\"><strong><i>\u00a0<\/i><\/strong><\/p>\n<p style=\"text-align: justify;\"><b><i>\u00a0<\/i><\/b><\/p>\n<p style=\"text-align: justify;\"><strong>Elabora\u00e7\u00e3o de um kit de Sensibiliza\u00e7\u00e3o na \u00e1rea da Interculturalidade\u00a0<\/strong><\/p>\n<p style=\"text-align: justify;\"><strong><i> <\/i><\/strong>Esta actividade consiste na produ\u00e7\u00e3o de um recurso pedag\u00f3gico \u00e1udio-visual (kit pedag\u00f3gico de forma\u00e7\u00e3o e sensibiliza\u00e7\u00e3o) na \u00e1rea tem\u00e1tica da Interculturalidade, norteado por uma perspectiva de igualdade de g\u00e9nero e oportunidades, que possa ser amplamente difundido e utilizado por qualquer entidade na perspetiva de orientar a popula\u00e7\u00e3o imigrante, bem como dotar os agentes sociais das entidades de compet\u00eancias t\u00e9cnicas de interculturalidade que lhes permitam adaptar a sua interven\u00e7\u00e3o \u00e0 especificidade da popula\u00e7\u00e3o imigrante e sensibiliz\u00e1-los para o di\u00e1logo intercultural. Este material pedag\u00f3gico debru\u00e7a-se em tem\u00e1ticas fundamentais para uma eficaz integra\u00e7\u00e3o social dos imigrantes, nomeadamente no que respeita a \u00e2mbitos como: sa\u00fade, emprego, legaliza\u00e7\u00e3o, habita\u00e7\u00e3o, empreendedorismo, apoio social, educa\u00e7\u00e3o e forma\u00e7\u00e3o, entre outros. Este recurso afigura-se como um guia orientador de boas pr\u00e1ticas, tanto para os imigrantes e para os t\u00e9cnicos das entidades, como para a popula\u00e7\u00e3o em geral, funcionando com formador de compet\u00eancias e impulsionador de solu\u00e7\u00f5es reais para problem\u00e1ticas espec\u00edficas e consequente desmistifica\u00e7\u00e3o de mitos da imigra\u00e7\u00e3o em diversas \u00e1reas, de forma a sensibilizar e capacitar os t\u00e9cnicos na melhoria da efic\u00e1cia dos seus Servi\u00e7os e assim conduzir a uma eficaz integra\u00e7\u00e3o da popula\u00e7\u00e3o imigrante.<\/p>\n<p style=\"text-align: justify;\"><b><i>\u00a0<a href=\"http:\/\/asi.pt\/wp\/wp-content\/uploads\/2013\/10\/SENSIBILIZAR2.png\"><img decoding=\"async\" loading=\"lazy\" class=\"alignnone size-medium wp-image-60\" alt=\"SENSIBILIZAR\" src=\"http:\/\/asi.pt\/wp\/wp-content\/uploads\/2013\/10\/SENSIBILIZAR2-300x164.png\" width=\"300\" height=\"164\" srcset=\"http:\/\/asi.pt\/wp\/wp-content\/uploads\/2013\/10\/SENSIBILIZAR2-300x164.png 300w, http:\/\/asi.pt\/wp\/wp-content\/uploads\/2013\/10\/SENSIBILIZAR2-460x252.png 460w, http:\/\/asi.pt\/wp\/wp-content\/uploads\/2013\/10\/SENSIBILIZAR2.png 539w\" sizes=\"(max-width: 300px) 100vw, 300px\" \/><\/a><\/i><\/b><\/p>\n<p style=\"text-align: justify;\"><b>\u00a0\u00a0\u00a0\u00a0\u00a0\u00a0\u00a0\u00a0\u00a0\u00a0\u00a0\u00a0\u00a0\u00a0\u00a0 <\/b><\/p>\n<p style=\"text-align: justify;\">\n","protected":false},"excerpt":{"rendered":"<p>&nbsp; Colabora\u00e7\u00e3o na elabora\u00e7\u00e3o de Recursos Did\u00e1ticos na \u00a0\u00e1rea de empreendedorismo femenino inmigrante financiado por el programa RUMOS de Madeira&#8230; <a href=\"http:\/\/asi.pt\/wp\/?page_id=73\">read more<\/a><\/p>\n","protected":false},"author":1,"featured_media":0,"parent":0,"menu_order":0,"comment_status":"closed","ping_status":"closed","template":"","meta":{"_links_to":"","_links_to_target":""},"_links":{"self":[{"href":"http:\/\/asi.pt\/wp\/index.php?rest_route=\/wp\/v2\/pages\/73"}],"collection":[{"href":"http:\/\/asi.pt\/wp\/index.php?rest_route=\/wp\/v2\/pages"}],"about":[{"href":"http:\/\/asi.pt\/wp\/index.php?rest_route=\/wp\/v2\/types\/page"}],"author":[{"embeddable":true,"href":"http:\/\/asi.pt\/wp\/index.php?rest_route=\/wp\/v2\/users\/1"}],"replies":[{"embeddable":true,"href":"http:\/\/asi.pt\/wp\/index.php?rest_route=%2Fwp%2Fv2%2Fcomments&post=73"}],"version-history":[{"count":7,"href":"http:\/\/asi.pt\/wp\/index.php?rest_route=\/wp\/v2\/pages\/73\/revisions"}],"predecessor-version":[{"id":111,"href":"http:\/\/asi.pt\/wp\/index.php?rest_route=\/wp\/v2\/pages\/73\/revisions\/111"}],"wp:attachment":[{"href":"http:\/\/asi.pt\/wp\/index.php?rest_route=%2Fwp%2Fv2%2Fmedia&parent=73"}],"curies":[{"name":"wp","href":"https:\/\/api.w.org\/{rel}","templated":true}]}}